{"id":1492,"date":"2023-05-11T13:02:44","date_gmt":"2023-05-11T11:02:44","guid":{"rendered":"https:\/\/www.memorial-odlozil.cz\/?page_id=1492"},"modified":"2025-05-16T18:22:50","modified_gmt":"2025-05-16T16:22:50","slug":"memorial-josefa-odlozila-2","status":"publish","type":"page","link":"https:\/\/www.memorial-odlozil.cz\/?page_id=1492&lang=en","title":{"rendered":"Memori\u00e1l Josefa Odlo\u017eila 2"},"content":{"rendered":"\t\t<div data-elementor-type=\"wp-page\" data-elementor-id=\"1492\" class=\"elementor elementor-1492\">\n\t\t\t\t\t\t\t\t\t<section class=\"elementor-section elementor-top-section elementor-element elementor-element-eb7d0e1 elementor-section-boxed elementor-section-height-default elementor-section-height-default\" data-id=\"eb7d0e1\" data-element_type=\"section\" data-settings=\"{&quot;background_background&quot;:&quot;classic&quot;}\">\n\t\t\t\t\t\t<div class=\"elementor-container elementor-column-gap-default\">\n\t\t\t\t\t<div class=\"elementor-column elementor-col-100 elementor-top-column elementor-element elementor-element-2721c0d\" data-id=\"2721c0d\" data-element_type=\"column\">\n\t\t\t<div class=\"elementor-widget-wrap elementor-element-populated\">\n\t\t\t\t\t\t\t\t<div class=\"elementor-element elementor-element-1f7f5fe elementor-widget elementor-widget-heading\" data-id=\"1f7f5fe\" data-element_type=\"widget\" data-widget_type=\"heading.default\">\n\t\t\t\t<div class=\"elementor-widget-container\">\n\t\t\t<style>\/*! elementor - v3.6.5 - 27-04-2022 *\/\n.elementor-heading-title{padding:0;margin:0;line-height:1}.elementor-widget-heading .elementor-heading-title[class*=elementor-size-]>a{color:inherit;font-size:inherit;line-height:inherit}.elementor-widget-heading .elementor-heading-title.elementor-size-small{font-size:15px}.elementor-widget-heading .elementor-heading-title.elementor-size-medium{font-size:19px}.elementor-widget-heading .elementor-heading-title.elementor-size-large{font-size:29px}.elementor-widget-heading .elementor-heading-title.elementor-size-xl{font-size:39px}.elementor-widget-heading .elementor-heading-title.elementor-size-xxl{font-size:59px}<\/style><h1 class=\"elementor-heading-title elementor-size-default\">memori\u00e1l josefa odlo\u017eila<\/h1>\t\t<\/div>\n\t\t\t\t<\/div>\n\t\t\t\t\t<\/div>\n\t\t<\/div>\n\t\t\t\t\t\t\t<\/div>\n\t\t<\/section>\n\t\t\t\t<section class=\"elementor-section elementor-top-section elementor-element elementor-element-4a169b4 elementor-section-height-min-height elementor-section-content-bottom elementor-section-boxed elementor-section-height-default elementor-section-items-middle\" data-id=\"4a169b4\" data-element_type=\"section\" data-settings=\"{&quot;background_background&quot;:&quot;classic&quot;}\">\n\t\t\t\t\t\t\t<div class=\"elementor-background-overlay\"><\/div>\n\t\t\t\t\t\t\t<div class=\"elementor-container elementor-column-gap-default\">\n\t\t\t\t\t<div class=\"elementor-column elementor-col-100 elementor-top-column elementor-element elementor-element-43f6a5e\" data-id=\"43f6a5e\" data-element_type=\"column\">\n\t\t\t<div class=\"elementor-widget-wrap elementor-element-populated\">\n\t\t\t\t\t\t\t\t<div class=\"elementor-element elementor-element-2a86684 elementor-widget elementor-widget-text-editor\" data-id=\"2a86684\" data-element_type=\"widget\" data-widget_type=\"text-editor.default\">\n\t\t\t\t<div class=\"elementor-widget-container\">\n\t\t\t<style>\/*! elementor - v3.6.5 - 27-04-2022 *\/\n.elementor-widget-text-editor.elementor-drop-cap-view-stacked .elementor-drop-cap{background-color:#818a91;color:#fff}.elementor-widget-text-editor.elementor-drop-cap-view-framed .elementor-drop-cap{color:#818a91;border:3px solid;background-color:transparent}.elementor-widget-text-editor:not(.elementor-drop-cap-view-default) .elementor-drop-cap{margin-top:8px}.elementor-widget-text-editor:not(.elementor-drop-cap-view-default) .elementor-drop-cap-letter{width:1em;height:1em}.elementor-widget-text-editor .elementor-drop-cap{float:left;text-align:center;line-height:1;font-size:50px}.elementor-widget-text-editor .elementor-drop-cap-letter{display:inline-block}<\/style>\t\t\t\t\t\t\t\t\t\t<\/div>\n\t\t\t\t<\/div>\n\t\t\t\t<div class=\"elementor-element elementor-element-8b9f13c elementor-widget elementor-widget-text-editor\" data-id=\"8b9f13c\" data-element_type=\"widget\" data-widget_type=\"text-editor.default\">\n\t\t\t\t<div class=\"elementor-widget-container\">\n\t\t\t\t\t\t\t\t\t\t\t\t\t<\/div>\n\t\t\t\t<\/div>\n\t\t\t\t<div class=\"elementor-element elementor-element-c88a3ad elementor-widget elementor-widget-text-editor\" data-id=\"c88a3ad\" data-element_type=\"widget\" data-widget_type=\"text-editor.default\">\n\t\t\t\t<div class=\"elementor-widget-container\">\n\t\t\t\t\t\t\t\t\t\t\t\t\t<\/div>\n\t\t\t\t<\/div>\n\t\t\t\t<div class=\"elementor-element elementor-element-d5d1e98 elementor-mobile-align-left elementor-widget elementor-widget-button\" data-id=\"d5d1e98\" data-element_type=\"widget\" data-widget_type=\"button.default\">\n\t\t\t\t<div class=\"elementor-widget-container\">\n\t\t\t\t\t<div class=\"elementor-button-wrapper\">\n\t\t\t<a class=\"elementor-button elementor-size-md\" role=\"button\">\n\t\t\t\t\t\t<span class=\"elementor-button-content-wrapper\">\n\t\t\t\t\t\t\t<span class=\"elementor-button-icon elementor-align-icon-left\">\n\t\t\t\t<i aria-hidden=\"true\" class=\"far fa-address-card\"><\/i>\t\t\t<\/span>\n\t\t\t\t\t\t<span class=\"elementor-button-text\">MJO 2025 - 2.6. 17:00<\/span>\n\t\t<\/span>\n\t\t\t\t\t<\/a>\n\t\t<\/div>\n\t\t\t\t<\/div>\n\t\t\t\t<\/div>\n\t\t\t\t<div class=\"elementor-element elementor-element-1c1b41d elementor-mobile-align-left elementor-widget elementor-widget-button\" data-id=\"1c1b41d\" data-element_type=\"widget\" data-widget_type=\"button.default\">\n\t\t\t\t<div class=\"elementor-widget-container\">\n\t\t\t\t\t<div class=\"elementor-button-wrapper\">\n\t\t\t<a href=\"https:\/\/www.memorial-odlozil.cz\/?page_id=2577\" class=\"elementor-button-link elementor-button elementor-size-md\" role=\"button\">\n\t\t\t\t\t\t<span class=\"elementor-button-content-wrapper\">\n\t\t\t\t\t\t\t<span class=\"elementor-button-icon elementor-align-icon-left\">\n\t\t\t\t<i aria-hidden=\"true\" class=\"far fa-address-card\"><\/i>\t\t\t<\/span>\n\t\t\t\t\t\t<span class=\"elementor-button-text\">INFORMATION FOR MANAGERS <\/span>\n\t\t<\/span>\n\t\t\t\t\t<\/a>\n\t\t<\/div>\n\t\t\t\t<\/div>\n\t\t\t\t<\/div>\n\t\t\t\t\t<\/div>\n\t\t<\/div>\n\t\t\t\t\t\t\t<\/div>\n\t\t<\/section>\n\t\t\t\t<section class=\"elementor-section elementor-top-section elementor-element elementor-element-8446e7c elementor-section-boxed elementor-section-height-default elementor-section-height-default\" data-id=\"8446e7c\" data-element_type=\"section\">\n\t\t\t\t\t\t<div class=\"elementor-container elementor-column-gap-default\">\n\t\t\t\t\t<div class=\"elementor-column elementor-col-100 elementor-top-column elementor-element elementor-element-3c10712\" data-id=\"3c10712\" data-element_type=\"column\">\n\t\t\t<div class=\"elementor-widget-wrap elementor-element-populated\">\n\t\t\t\t\t\t\t\t<div class=\"elementor-element elementor-element-066e277 elementor-widget elementor-widget-text-editor\" data-id=\"066e277\" data-element_type=\"widget\" data-widget_type=\"text-editor.default\">\n\t\t\t\t<div class=\"elementor-widget-container\">\n\t\t\t\t\t\t\t\t\t\t\t\t\t<\/div>\n\t\t\t\t<\/div>\n\t\t\t\t\t<\/div>\n\t\t<\/div>\n\t\t\t\t\t\t\t<\/div>\n\t\t<\/section>\n\t\t\t\t<section class=\"elementor-section elementor-top-section elementor-element elementor-element-609dce3 elementor-section-boxed elementor-section-height-default elementor-section-height-default\" data-id=\"609dce3\" data-element_type=\"section\">\n\t\t\t\t\t\t<div class=\"elementor-container elementor-column-gap-default\">\n\t\t\t\t\t<div class=\"elementor-column elementor-col-100 elementor-top-column elementor-element elementor-element-14b9ae1\" data-id=\"14b9ae1\" data-element_type=\"column\">\n\t\t\t<div class=\"elementor-widget-wrap elementor-element-populated\">\n\t\t\t\t\t\t\t\t<div class=\"elementor-element elementor-element-d4d1d94 elementor-widget elementor-widget-text-editor\" data-id=\"d4d1d94\" data-element_type=\"widget\" data-widget_type=\"text-editor.default\">\n\t\t\t\t<div class=\"elementor-widget-container\">\n\t\t\t\t\t\t\t<p>NEWS<\/p>\t\t\t\t\t\t<\/div>\n\t\t\t\t<\/div>\n\t\t\t\t\t<\/div>\n\t\t<\/div>\n\t\t\t\t\t\t\t<\/div>\n\t\t<\/section>\n\t\t\t\t<section class=\"elementor-section elementor-top-section elementor-element elementor-element-890ee6d elementor-section-boxed elementor-section-height-default elementor-section-height-default\" data-id=\"890ee6d\" data-element_type=\"section\">\n\t\t\t\t\t\t<div class=\"elementor-container elementor-column-gap-default\">\n\t\t\t\t\t<div class=\"elementor-column elementor-col-100 elementor-top-column elementor-element elementor-element-7b34c98c\" data-id=\"7b34c98c\" data-element_type=\"column\">\n\t\t\t<div class=\"elementor-widget-wrap elementor-element-populated\">\n\t\t\t\t\t\t\t\t<section class=\"elementor-section elementor-inner-section elementor-element elementor-element-5504e8 elementor-section-boxed elementor-section-height-default elementor-section-height-default\" data-id=\"5504e8\" data-element_type=\"section\">\n\t\t\t\t\t\t<div class=\"elementor-container elementor-column-gap-default\">\n\t\t\t\t\t<div class=\"elementor-column elementor-col-33 elementor-inner-column elementor-element elementor-element-5c47602f\" data-id=\"5c47602f\" data-element_type=\"column\">\n\t\t\t<div class=\"elementor-widget-wrap elementor-element-populated\">\n\t\t\t\t\t\t\t\t<div class=\"elementor-element elementor-element-991f5b6 elementor-widget elementor-widget-image\" data-id=\"991f5b6\" data-element_type=\"widget\" data-widget_type=\"image.default\">\n\t\t\t\t<div class=\"elementor-widget-container\">\n\t\t\t<style>\/*! elementor - v3.6.5 - 27-04-2022 *\/\n.elementor-widget-image{text-align:center}.elementor-widget-image a{display:inline-block}.elementor-widget-image a img[src$=\".svg\"]{width:48px}.elementor-widget-image img{vertical-align:middle;display:inline-block}<\/style>\t\t\t\t\t\t\t\t\t\t\t\t<img decoding=\"async\" src=\"https:\/\/www.memorial-odlozil.cz\/app\/uploads\/rekord.jpg\" title=\"rekord.jpg\" alt=\"rekord.jpg\" \/>\t\t\t\t\t\t\t\t\t\t\t\t\t\t\t<\/div>\n\t\t\t\t<\/div>\n\t\t\t\t<div class=\"elementor-element elementor-element-40e719b0 elementor-widget elementor-widget-heading\" data-id=\"40e719b0\" data-element_type=\"widget\" data-widget_type=\"heading.default\">\n\t\t\t\t<div class=\"elementor-widget-container\">\n\t\t\t<h4 class=\"elementor-heading-title elementor-size-default\">ARTICLE\n1<\/h4>\t\t<\/div>\n\t\t\t\t<\/div>\n\t\t\t\t<div class=\"elementor-element elementor-element-73d95ebe elementor-widget elementor-widget-text-editor\" data-id=\"73d95ebe\" data-element_type=\"widget\" data-widget_type=\"text-editor.default\">\n\t\t\t\t<div class=\"elementor-widget-container\">\n\t\t\t\t\t\t\t<div class=\"sec-title\"><div class=\"dector thm-bg-clr\"><p>Pavel Masl\u00e1k, Filip Sas\u00ednek, Jan Veleba, Zden\u011bk Strom\u0161\u00edk, Radek Ju\u0161ka, Jakub Vadlejch, Tom\u00e1\u0161 Stan\u011bk, Am\u00e1lie \u0160v\u00e1b\u00edkov\u00e1, Nikola Ogrodn\u00edkov\u00e1 a dal\u0161\u00ed \u010desk\u00e9 atletick\u00e9 \u0161pi\u010dky na stadionu Juliska na Memori\u00e1lu Josefa Odlo\u017eila V pond\u011bl\u00ed 5. \u010dervna 2023.\u00a0<br \/>\u010c\u00edst d\u00e1le &#8211; Klikn\u011bte zde:<\/p><\/div><\/div>\t\t\t\t\t\t<\/div>\n\t\t\t\t<\/div>\n\t\t\t\t<div class=\"elementor-element elementor-element-57a1cbc1 elementor-widget elementor-widget-button\" data-id=\"57a1cbc1\" data-element_type=\"widget\" data-widget_type=\"button.default\">\n\t\t\t\t<div class=\"elementor-widget-container\">\n\t\t\t\t\t<div class=\"elementor-button-wrapper\">\n\t\t\t<a class=\"elementor-button elementor-size-sm\" role=\"button\">\n\t\t\t\t\t\t<span class=\"elementor-button-content-wrapper\">\n\t\t\t\t\t\t<span class=\"elementor-button-text\">Click here<\/span>\n\t\t<\/span>\n\t\t\t\t\t<\/a>\n\t\t<\/div>\n\t\t\t\t<\/div>\n\t\t\t\t<\/div>\n\t\t\t\t\t<\/div>\n\t\t<\/div>\n\t\t\t\t<div class=\"elementor-column elementor-col-33 elementor-inner-column elementor-element elementor-element-16e7e9cc\" data-id=\"16e7e9cc\" data-element_type=\"column\">\n\t\t\t<div class=\"elementor-widget-wrap\">\n\t\t\t\t\t\t\t\t\t<\/div>\n\t\t<\/div>\n\t\t\t\t<div class=\"elementor-column elementor-col-33 elementor-inner-column elementor-element elementor-element-1d3a695d\" data-id=\"1d3a695d\" data-element_type=\"column\">\n\t\t\t<div class=\"elementor-widget-wrap\">\n\t\t\t\t\t\t\t\t\t<\/div>\n\t\t<\/div>\n\t\t\t\t\t\t\t<\/div>\n\t\t<\/section>\n\t\t\t\t\t<\/div>\n\t\t<\/div>\n\t\t\t\t\t\t\t<\/div>\n\t\t<\/section>\n\t\t\t\t<section class=\"elementor-section elementor-top-section elementor-element elementor-element-e58a4ff elementor-section-boxed elementor-section-height-default elementor-section-height-default\" data-id=\"e58a4ff\" data-element_type=\"section\">\n\t\t\t\t\t\t<div class=\"elementor-container elementor-column-gap-default\">\n\t\t\t\t\t<div class=\"elementor-column elementor-col-100 elementor-top-column elementor-element elementor-element-5018f8c\" data-id=\"5018f8c\" data-element_type=\"column\">\n\t\t\t<div class=\"elementor-widget-wrap elementor-element-populated\">\n\t\t\t\t\t\t\t\t<div class=\"elementor-element elementor-element-eb0becb elementor-widget elementor-widget-text-editor\" data-id=\"eb0becb\" data-element_type=\"widget\" data-widget_type=\"text-editor.default\">\n\t\t\t\t<div class=\"elementor-widget-container\">\n\t\t\t\t\t\t\t\t\t\t\t\t\t<\/div>\n\t\t\t\t<\/div>\n\t\t\t\t\t<\/div>\n\t\t<\/div>\n\t\t\t\t\t\t\t<\/div>\n\t\t<\/section>\n\t\t\t\t<section class=\"elementor-section elementor-top-section elementor-element elementor-element-2856b9b elementor-section-boxed elementor-section-height-default elementor-section-height-default\" data-id=\"2856b9b\" data-element_type=\"section\">\n\t\t\t\t\t\t<div class=\"elementor-container elementor-column-gap-default\">\n\t\t\t\t\t<div class=\"elementor-column elementor-col-100 elementor-top-column elementor-element elementor-element-c4eb1d0\" data-id=\"c4eb1d0\" data-element_type=\"column\">\n\t\t\t<div class=\"elementor-widget-wrap elementor-element-populated\">\n\t\t\t\t\t\t\t\t<div class=\"elementor-element elementor-element-37b41bb elementor-widget elementor-widget-text-editor\" data-id=\"37b41bb\" data-element_type=\"widget\" data-widget_type=\"text-editor.default\">\n\t\t\t\t<div class=\"elementor-widget-container\">\n\t\t\t\t\t\t\t<p>PARTNERS<\/p>\t\t\t\t\t\t<\/div>\n\t\t\t\t<\/div>\n\t\t\t\t\t<\/div>\n\t\t<\/div>\n\t\t\t\t\t\t\t<\/div>\n\t\t<\/section>\n\t\t\t\t<section class=\"elementor-section elementor-top-section elementor-element elementor-element-62b9e44 elementor-section-boxed elementor-section-height-default elementor-section-height-default\" data-id=\"62b9e44\" data-element_type=\"section\">\n\t\t\t\t\t\t<div class=\"elementor-container elementor-column-gap-default\">\n\t\t\t\t\t<div class=\"elementor-column elementor-col-100 elementor-top-column elementor-element elementor-element-af9a497\" data-id=\"af9a497\" data-element_type=\"column\">\n\t\t\t<div class=\"elementor-widget-wrap elementor-element-populated\">\n\t\t\t\t\t\t\t\t<div class=\"elementor-element elementor-element-f5c3987 elementor-widget elementor-widget-image\" data-id=\"f5c3987\" data-element_type=\"widget\" data-widget_type=\"image.default\">\n\t\t\t\t<div class=\"elementor-widget-container\">\n\t\t\t\t\t\t\t\t\t\t\t\t\t\t\t<img loading=\"lazy\" decoding=\"async\" width=\"600\" height=\"662\" src=\"https:\/\/www.memorial-odlozil.cz\/app\/uploads\/partners.jpg\" class=\"attachment-large size-large\" alt=\"\" srcset=\"https:\/\/www.memorial-odlozil.cz\/app\/uploads\/partners.jpg 600w, https:\/\/www.memorial-odlozil.cz\/app\/uploads\/partners-544x600.jpg 544w\" sizes=\"auto, (max-width: 600px) 100vw, 600px\" \/>\t\t\t\t\t\t\t\t\t\t\t\t\t\t\t<\/div>\n\t\t\t\t<\/div>\n\t\t\t\t\t<\/div>\n\t\t<\/div>\n\t\t\t\t\t\t\t<\/div>\n\t\t<\/section>\n\t\t\t\t<section class=\"elementor-section elementor-top-section elementor-element elementor-element-d1044de elementor-section-boxed elementor-section-height-default elementor-section-height-default\" data-id=\"d1044de\" data-element_type=\"section\">\n\t\t\t\t\t\t<div class=\"elementor-container elementor-column-gap-default\">\n\t\t\t\t\t<div class=\"elementor-column elementor-col-100 elementor-top-column elementor-element elementor-element-0160c60\" data-id=\"0160c60\" data-element_type=\"column\">\n\t\t\t<div class=\"elementor-widget-wrap elementor-element-populated\">\n\t\t\t\t\t\t\t\t<div class=\"elementor-element elementor-element-3c9101d elementor-widget elementor-widget-text-editor\" data-id=\"3c9101d\" data-element_type=\"widget\" data-widget_type=\"text-editor.default\">\n\t\t\t\t<div class=\"elementor-widget-container\">\n\t\t\t\t\t\t\t<p>MEDIAL PARTNERS<\/p>\t\t\t\t\t\t<\/div>\n\t\t\t\t<\/div>\n\t\t\t\t\t<\/div>\n\t\t<\/div>\n\t\t\t\t\t\t\t<\/div>\n\t\t<\/section>\n\t\t\t\t<section class=\"elementor-section elementor-top-section elementor-element elementor-element-fe65691 elementor-section-boxed elementor-section-height-default elementor-section-height-default\" data-id=\"fe65691\" data-element_type=\"section\">\n\t\t\t\t\t\t<div class=\"elementor-container elementor-column-gap-default\">\n\t\t\t\t\t<div class=\"elementor-column elementor-col-100 elementor-top-column elementor-element elementor-element-f2c77c8\" data-id=\"f2c77c8\" data-element_type=\"column\">\n\t\t\t<div class=\"elementor-widget-wrap elementor-element-populated\">\n\t\t\t\t\t\t\t\t<div class=\"elementor-element elementor-element-1b779c2 elementor-widget elementor-widget-image\" data-id=\"1b779c2\" data-element_type=\"widget\" data-widget_type=\"image.default\">\n\t\t\t\t<div class=\"elementor-widget-container\">\n\t\t\t\t\t\t\t\t\t\t\t\t\t\t\t<img loading=\"lazy\" decoding=\"async\" width=\"600\" height=\"130\" src=\"https:\/\/www.memorial-odlozil.cz\/app\/uploads\/partners-media.jpg\" class=\"attachment-large size-large\" alt=\"\" \/>\t\t\t\t\t\t\t\t\t\t\t\t\t\t\t<\/div>\n\t\t\t\t<\/div>\n\t\t\t\t\t<\/div>\n\t\t<\/div>\n\t\t\t\t\t\t\t<\/div>\n\t\t<\/section>\n\t\t\t\t\t\t\t<\/div>\n\t\t","protected":false},"excerpt":{"rendered":"<p>memori\u00e1l josefa odlo\u017eila MJO 2025 &#8211; 2.6. 17:00 INFORMATION FOR MANAGERS NEWS ARTICLE 1 Pavel Masl\u00e1k, Filip Sas\u00ednek, Jan Veleba, Zden\u011bk Strom\u0161\u00edk, Radek Ju\u0161ka, Jakub Vadlejch, Tom\u00e1\u0161 Stan\u011bk, Am\u00e1lie \u0160v\u00e1b\u00edkov\u00e1, Nikola Ogrodn\u00edkov\u00e1 a dal\u0161\u00ed \u010desk\u00e9 atletick\u00e9 \u0161pi\u010dky na stadionu Juliska na Memori\u00e1lu Josefa Odlo\u017eila V pond\u011bl\u00ed 5. \u010dervna 2023.\u00a0\u010c\u00edst d\u00e1le &#8211; Klikn\u011bte zde: Click here [&hellip;]<\/p>\n","protected":false},"author":5,"featured_media":0,"parent":0,"menu_order":0,"comment_status":"closed","ping_status":"closed","template":"elementor_header_footer","meta":{"footnotes":""},"class_list":["post-1492","page","type-page","status-publish","hentry"],"yoast_head":"\n<title>Memori\u00e1l Josefa Odlo\u017eila 2 &mdash; Memori\u00e1l Josefa Odlo\u017eila<\/title>\n<meta name=\"description\" content=\"Atletick\u00fd meeting na po\u010dest Josefa Odlo\u017eila, olympijsk\u00e9ho medailisty a sv\u011btov\u00e9ho rekordmana.\" \/>\n<meta name=\"robots\" content=\"index, follow, max-snippet:-1, max-image-preview:large, max-video-preview:-1\" \/>\n<link rel=\"canonical\" href=\"https:\/\/www.memorial-odlozil.cz\/?page_id=1492&lang=en\" \/>\n<meta property=\"og:locale\" content=\"cs_CZ\" \/>\n<meta property=\"og:type\" content=\"article\" \/>\n<meta property=\"og:title\" content=\"Memori\u00e1l Josefa Odlo\u017eila 2 &mdash; Memori\u00e1l Josefa Odlo\u017eila\" \/>\n<meta property=\"og:description\" content=\"Atletick\u00fd meeting na po\u010dest Josefa Odlo\u017eila, olympijsk\u00e9ho medailisty a sv\u011btov\u00e9ho rekordmana.\" \/>\n<meta property=\"og:url\" content=\"https:\/\/www.memorial-odlozil.cz\/?page_id=1492&amp;lang=en\" \/>\n<meta property=\"og:site_name\" content=\"Memori\u00e1l Josefa Odlo\u017eila\" \/>\n<meta property=\"article:modified_time\" content=\"2025-05-16T16:22:50+00:00\" \/>\n<meta property=\"og:image\" content=\"http:\/\/www.memorial-odlozil.cz\/app\/uploads\/elementor\/thumbs\/rekord-qasnwbeu2x30h0xgcmw14ygoqkh7by2c237prfk3v0.jpg\" \/>\n<meta name=\"twitter:card\" content=\"summary_large_image\" \/>\n<script type=\"application\/ld+json\" class=\"yoast-schema-graph\">{\"@context\":\"https:\/\/schema.org\",\"@graph\":[{\"@type\":\"WebPage\",\"@id\":\"https:\/\/www.memorial-odlozil.cz\/?page_id=1492&lang=en\",\"url\":\"https:\/\/www.memorial-odlozil.cz\/?page_id=1492&lang=en\",\"name\":\"Memori\u00e1l Josefa Odlo\u017eila 2 &mdash; Memori\u00e1l Josefa Odlo\u017eila\",\"isPartOf\":{\"@id\":\"https:\/\/www.memorial-odlozil.cz\/#website\"},\"datePublished\":\"2023-05-11T11:02:44+00:00\",\"dateModified\":\"2025-05-16T16:22:50+00:00\",\"description\":\"Atletick\u00fd meeting na po\u010dest Josefa Odlo\u017eila, olympijsk\u00e9ho medailisty a sv\u011btov\u00e9ho rekordmana.\",\"breadcrumb\":{\"@id\":\"https:\/\/www.memorial-odlozil.cz\/?page_id=1492&lang=en#breadcrumb\"},\"inLanguage\":\"cs\",\"potentialAction\":[{\"@type\":\"ReadAction\",\"target\":[\"https:\/\/www.memorial-odlozil.cz\/?page_id=1492&lang=en\"]}]},{\"@type\":\"BreadcrumbList\",\"@id\":\"https:\/\/www.memorial-odlozil.cz\/?page_id=1492&lang=en#breadcrumb\",\"itemListElement\":[{\"@type\":\"ListItem\",\"position\":1,\"name\":\"Dom\u016f\",\"item\":\"https:\/\/www.memorial-odlozil.cz\/\"},{\"@type\":\"ListItem\",\"position\":2,\"name\":\"Memori\u00e1l Josefa Odlo\u017eila 2\"}]},{\"@type\":\"WebSite\",\"@id\":\"https:\/\/www.memorial-odlozil.cz\/#website\",\"url\":\"https:\/\/www.memorial-odlozil.cz\/\",\"name\":\"Memori\u00e1l Josefa Odlo\u017eila\",\"description\":\"Obsah meta description\",\"publisher\":{\"@id\":\"https:\/\/www.memorial-odlozil.cz\/#organization\"},\"potentialAction\":[{\"@type\":\"SearchAction\",\"target\":{\"@type\":\"EntryPoint\",\"urlTemplate\":\"https:\/\/www.memorial-odlozil.cz\/?s={search_term_string}\"},\"query-input\":\"required name=search_term_string\"}],\"inLanguage\":\"cs\"},{\"@type\":\"Organization\",\"@id\":\"https:\/\/www.memorial-odlozil.cz\/#organization\",\"name\":\"Memori\u00e1l Josefa Odlo\u017eila\",\"url\":\"https:\/\/www.memorial-odlozil.cz\/\",\"logo\":{\"@type\":\"ImageObject\",\"inLanguage\":\"cs\",\"@id\":\"https:\/\/www.memorial-odlozil.cz\/#\/schema\/logo\/image\/\",\"url\":\"https:\/\/www.memorial-odlozil.cz\/app\/uploads\/cropped-02077226-1.jpeg\",\"contentUrl\":\"https:\/\/www.memorial-odlozil.cz\/app\/uploads\/cropped-02077226-1.jpeg\",\"width\":246,\"height\":178,\"caption\":\"Memori\u00e1l Josefa Odlo\u017eila\"},\"image\":{\"@id\":\"https:\/\/www.memorial-odlozil.cz\/#\/schema\/logo\/image\/\"}}]}<\/script>\n","yoast_head_json":{"title":"Memori\u00e1l Josefa Odlo\u017eila 2 &mdash; Memori\u00e1l Josefa Odlo\u017eila","description":"Atletick\u00fd meeting na po\u010dest Josefa Odlo\u017eila, olympijsk\u00e9ho medailisty a sv\u011btov\u00e9ho rekordmana.","robots":{"index":"index","follow":"follow","max-snippet":"max-snippet:-1","max-image-preview":"max-image-preview:large","max-video-preview":"max-video-preview:-1"},"canonical":"https:\/\/www.memorial-odlozil.cz\/?page_id=1492&lang=en","og_locale":"cs_CZ","og_type":"article","og_title":"Memori\u00e1l Josefa Odlo\u017eila 2 &mdash; Memori\u00e1l Josefa Odlo\u017eila","og_description":"Atletick\u00fd meeting na po\u010dest Josefa Odlo\u017eila, olympijsk\u00e9ho medailisty a sv\u011btov\u00e9ho rekordmana.","og_url":"https:\/\/www.memorial-odlozil.cz\/?page_id=1492&lang=en","og_site_name":"Memori\u00e1l Josefa Odlo\u017eila","article_modified_time":"2025-05-16T16:22:50+00:00","og_image":[{"url":"http:\/\/www.memorial-odlozil.cz\/app\/uploads\/elementor\/thumbs\/rekord-qasnwbeu2x30h0xgcmw14ygoqkh7by2c237prfk3v0.jpg"}],"twitter_card":"summary_large_image","schema":{"@context":"https:\/\/schema.org","@graph":[{"@type":"WebPage","@id":"https:\/\/www.memorial-odlozil.cz\/?page_id=1492&lang=en","url":"https:\/\/www.memorial-odlozil.cz\/?page_id=1492&lang=en","name":"Memori\u00e1l Josefa Odlo\u017eila 2 &mdash; Memori\u00e1l Josefa Odlo\u017eila","isPartOf":{"@id":"https:\/\/www.memorial-odlozil.cz\/#website"},"datePublished":"2023-05-11T11:02:44+00:00","dateModified":"2025-05-16T16:22:50+00:00","description":"Atletick\u00fd meeting na po\u010dest Josefa Odlo\u017eila, olympijsk\u00e9ho medailisty a sv\u011btov\u00e9ho rekordmana.","breadcrumb":{"@id":"https:\/\/www.memorial-odlozil.cz\/?page_id=1492&lang=en#breadcrumb"},"inLanguage":"cs","potentialAction":[{"@type":"ReadAction","target":["https:\/\/www.memorial-odlozil.cz\/?page_id=1492&lang=en"]}]},{"@type":"BreadcrumbList","@id":"https:\/\/www.memorial-odlozil.cz\/?page_id=1492&lang=en#breadcrumb","itemListElement":[{"@type":"ListItem","position":1,"name":"Dom\u016f","item":"https:\/\/www.memorial-odlozil.cz\/"},{"@type":"ListItem","position":2,"name":"Memori\u00e1l Josefa Odlo\u017eila 2"}]},{"@type":"WebSite","@id":"https:\/\/www.memorial-odlozil.cz\/#website","url":"https:\/\/www.memorial-odlozil.cz\/","name":"Memori\u00e1l Josefa Odlo\u017eila","description":"Obsah meta description","publisher":{"@id":"https:\/\/www.memorial-odlozil.cz\/#organization"},"potentialAction":[{"@type":"SearchAction","target":{"@type":"EntryPoint","urlTemplate":"https:\/\/www.memorial-odlozil.cz\/?s={search_term_string}"},"query-input":"required name=search_term_string"}],"inLanguage":"cs"},{"@type":"Organization","@id":"https:\/\/www.memorial-odlozil.cz\/#organization","name":"Memori\u00e1l Josefa Odlo\u017eila","url":"https:\/\/www.memorial-odlozil.cz\/","logo":{"@type":"ImageObject","inLanguage":"cs","@id":"https:\/\/www.memorial-odlozil.cz\/#\/schema\/logo\/image\/","url":"https:\/\/www.memorial-odlozil.cz\/app\/uploads\/cropped-02077226-1.jpeg","contentUrl":"https:\/\/www.memorial-odlozil.cz\/app\/uploads\/cropped-02077226-1.jpeg","width":246,"height":178,"caption":"Memori\u00e1l Josefa Odlo\u017eila"},"image":{"@id":"https:\/\/www.memorial-odlozil.cz\/#\/schema\/logo\/image\/"}}]}},"_links":{"self":[{"href":"https:\/\/www.memorial-odlozil.cz\/index.php?rest_route=\/wp\/v2\/pages\/1492","targetHints":{"allow":["GET"]}}],"collection":[{"href":"https:\/\/www.memorial-odlozil.cz\/index.php?rest_route=\/wp\/v2\/pages"}],"about":[{"href":"https:\/\/www.memorial-odlozil.cz\/index.php?rest_route=\/wp\/v2\/types\/page"}],"author":[{"embeddable":true,"href":"https:\/\/www.memorial-odlozil.cz\/index.php?rest_route=\/wp\/v2\/users\/5"}],"replies":[{"embeddable":true,"href":"https:\/\/www.memorial-odlozil.cz\/index.php?rest_route=%2Fwp%2Fv2%2Fcomments&post=1492"}],"version-history":[{"count":110,"href":"https:\/\/www.memorial-odlozil.cz\/index.php?rest_route=\/wp\/v2\/pages\/1492\/revisions"}],"predecessor-version":[{"id":2616,"href":"https:\/\/www.memorial-odlozil.cz\/index.php?rest_route=\/wp\/v2\/pages\/1492\/revisions\/2616"}],"wp:attachment":[{"href":"https:\/\/www.memorial-odlozil.cz\/index.php?rest_route=%2Fwp%2Fv2%2Fmedia&parent=1492"}],"curies":[{"name":"wp","href":"https:\/\/api.w.org\/{rel}","templated":true}]}}