{"id":2577,"date":"2025-05-16T18:16:02","date_gmt":"2025-05-16T16:16:02","guid":{"rendered":"https:\/\/www.memorial-odlozil.cz\/?page_id=2577"},"modified":"2025-05-16T18:19:15","modified_gmt":"2025-05-16T16:19:15","slug":"information-for-managers","status":"publish","type":"page","link":"https:\/\/www.memorial-odlozil.cz\/?page_id=2577","title":{"rendered":"Information for managers"},"content":{"rendered":"\t\t<div data-elementor-type=\"wp-page\" data-elementor-id=\"2577\" class=\"elementor elementor-2577\">\n\t\t\t\t\t\t\t\t\t<section class=\"elementor-section elementor-top-section elementor-element elementor-element-53c27f1 elementor-section-boxed elementor-section-height-default elementor-section-height-default\" data-id=\"53c27f1\" data-element_type=\"section\">\n\t\t\t\t\t\t<div class=\"elementor-container elementor-column-gap-default\">\n\t\t\t\t\t<div class=\"elementor-column elementor-col-100 elementor-top-column elementor-element elementor-element-9aac058\" data-id=\"9aac058\" data-element_type=\"column\">\n\t\t\t<div class=\"elementor-widget-wrap elementor-element-populated\">\n\t\t\t\t\t\t\t\t<div class=\"elementor-element elementor-element-7ebad56 elementor-widget elementor-widget-image\" data-id=\"7ebad56\" data-element_type=\"widget\" data-widget_type=\"image.default\">\n\t\t\t\t<div class=\"elementor-widget-container\">\n\t\t\t<style>\/*! elementor - v3.6.5 - 27-04-2022 *\/\n.elementor-widget-image{text-align:center}.elementor-widget-image a{display:inline-block}.elementor-widget-image a img[src$=\".svg\"]{width:48px}.elementor-widget-image img{vertical-align:middle;display:inline-block}<\/style>\t\t\t\t\t\t\t\t\t\t\t\t<img loading=\"lazy\" decoding=\"async\" width=\"1448\" height=\"2048\" src=\"https:\/\/www.memorial-odlozil.cz\/app\/uploads\/josef-odlozil-memorial-2025-information-for-managers-1448x2048.jpg\" class=\"attachment-2048x2048 size-2048x2048\" alt=\"\" srcset=\"https:\/\/www.memorial-odlozil.cz\/app\/uploads\/josef-odlozil-memorial-2025-information-for-managers-1448x2048.jpg 1448w, https:\/\/www.memorial-odlozil.cz\/app\/uploads\/josef-odlozil-memorial-2025-information-for-managers-424x600.jpg 424w, https:\/\/www.memorial-odlozil.cz\/app\/uploads\/josef-odlozil-memorial-2025-information-for-managers-724x1024.jpg 724w, https:\/\/www.memorial-odlozil.cz\/app\/uploads\/josef-odlozil-memorial-2025-information-for-managers-768x1086.jpg 768w, https:\/\/www.memorial-odlozil.cz\/app\/uploads\/josef-odlozil-memorial-2025-information-for-managers-1086x1536.jpg 1086w, https:\/\/www.memorial-odlozil.cz\/app\/uploads\/josef-odlozil-memorial-2025-information-for-managers-scaled.jpg 1810w\" sizes=\"auto, (max-width: 1448px) 100vw, 1448px\" \/>\t\t\t\t\t\t\t\t\t\t\t\t\t\t\t<\/div>\n\t\t\t\t<\/div>\n\t\t\t\t\t<\/div>\n\t\t<\/div>\n\t\t\t\t\t\t\t<\/div>\n\t\t<\/section>\n\t\t\t\t\t\t\t<\/div>\n\t\t","protected":false},"excerpt":{"rendered":"","protected":false},"author":5,"featured_media":0,"parent":0,"menu_order":0,"comment_status":"closed","ping_status":"closed","template":"elementor_header_footer","meta":{"footnotes":""},"class_list":["post-2577","page","type-page","status-publish","hentry"],"yoast_head":"\n<title>Information for managers &mdash; Memori\u00e1l Josefa Odlo\u017eila<\/title>\n<meta name=\"description\" content=\"Atletick\u00fd meeting na po\u010dest Josefa Odlo\u017eila, olympijsk\u00e9ho medailisty a sv\u011btov\u00e9ho rekordmana.\" \/>\n<meta name=\"robots\" content=\"index, follow, max-snippet:-1, max-image-preview:large, max-video-preview:-1\" \/>\n<link rel=\"canonical\" href=\"https:\/\/www.memorial-odlozil.cz\/?page_id=2577\" \/>\n<meta property=\"og:locale\" content=\"cs_CZ\" \/>\n<meta property=\"og:type\" content=\"article\" \/>\n<meta property=\"og:title\" content=\"Information for managers &mdash; Memori\u00e1l Josefa Odlo\u017eila\" \/>\n<meta property=\"og:description\" content=\"Atletick\u00fd meeting na po\u010dest Josefa Odlo\u017eila, olympijsk\u00e9ho medailisty a sv\u011btov\u00e9ho rekordmana.\" \/>\n<meta property=\"og:url\" content=\"https:\/\/www.memorial-odlozil.cz\/?page_id=2577\" \/>\n<meta property=\"og:site_name\" content=\"Memori\u00e1l Josefa Odlo\u017eila\" \/>\n<meta property=\"article:modified_time\" content=\"2025-05-16T16:19:15+00:00\" \/>\n<meta property=\"og:image\" content=\"http:\/\/www.memorial-odlozil.cz\/app\/uploads\/josef-odlozil-memorial-2025-information-for-managers-1448x2048.jpg\" \/>\n<meta name=\"twitter:card\" content=\"summary_large_image\" \/>\n<script type=\"application\/ld+json\" class=\"yoast-schema-graph\">{\"@context\":\"https:\/\/schema.org\",\"@graph\":[{\"@type\":\"WebPage\",\"@id\":\"https:\/\/www.memorial-odlozil.cz\/?page_id=2577\",\"url\":\"https:\/\/www.memorial-odlozil.cz\/?page_id=2577\",\"name\":\"Information for managers &mdash; Memori\u00e1l Josefa Odlo\u017eila\",\"isPartOf\":{\"@id\":\"https:\/\/www.memorial-odlozil.cz\/#website\"},\"datePublished\":\"2025-05-16T16:16:02+00:00\",\"dateModified\":\"2025-05-16T16:19:15+00:00\",\"description\":\"Atletick\u00fd meeting na po\u010dest Josefa Odlo\u017eila, olympijsk\u00e9ho medailisty a sv\u011btov\u00e9ho rekordmana.\",\"breadcrumb\":{\"@id\":\"https:\/\/www.memorial-odlozil.cz\/?page_id=2577#breadcrumb\"},\"inLanguage\":\"cs\",\"potentialAction\":[{\"@type\":\"ReadAction\",\"target\":[\"https:\/\/www.memorial-odlozil.cz\/?page_id=2577\"]}]},{\"@type\":\"BreadcrumbList\",\"@id\":\"https:\/\/www.memorial-odlozil.cz\/?page_id=2577#breadcrumb\",\"itemListElement\":[{\"@type\":\"ListItem\",\"position\":1,\"name\":\"Dom\u016f\",\"item\":\"https:\/\/www.memorial-odlozil.cz\/\"},{\"@type\":\"ListItem\",\"position\":2,\"name\":\"Information for managers\"}]},{\"@type\":\"WebSite\",\"@id\":\"https:\/\/www.memorial-odlozil.cz\/#website\",\"url\":\"https:\/\/www.memorial-odlozil.cz\/\",\"name\":\"Memori\u00e1l Josefa Odlo\u017eila\",\"description\":\"Obsah meta description\",\"publisher\":{\"@id\":\"https:\/\/www.memorial-odlozil.cz\/#organization\"},\"potentialAction\":[{\"@type\":\"SearchAction\",\"target\":{\"@type\":\"EntryPoint\",\"urlTemplate\":\"https:\/\/www.memorial-odlozil.cz\/?s={search_term_string}\"},\"query-input\":\"required name=search_term_string\"}],\"inLanguage\":\"cs\"},{\"@type\":\"Organization\",\"@id\":\"https:\/\/www.memorial-odlozil.cz\/#organization\",\"name\":\"Memori\u00e1l Josefa Odlo\u017eila\",\"url\":\"https:\/\/www.memorial-odlozil.cz\/\",\"logo\":{\"@type\":\"ImageObject\",\"inLanguage\":\"cs\",\"@id\":\"https:\/\/www.memorial-odlozil.cz\/#\/schema\/logo\/image\/\",\"url\":\"https:\/\/www.memorial-odlozil.cz\/app\/uploads\/cropped-02077226-1.jpeg\",\"contentUrl\":\"https:\/\/www.memorial-odlozil.cz\/app\/uploads\/cropped-02077226-1.jpeg\",\"width\":246,\"height\":178,\"caption\":\"Memori\u00e1l Josefa Odlo\u017eila\"},\"image\":{\"@id\":\"https:\/\/www.memorial-odlozil.cz\/#\/schema\/logo\/image\/\"}}]}<\/script>\n","yoast_head_json":{"title":"Information for managers &mdash; Memori\u00e1l Josefa Odlo\u017eila","description":"Atletick\u00fd meeting na po\u010dest Josefa Odlo\u017eila, olympijsk\u00e9ho medailisty a sv\u011btov\u00e9ho rekordmana.","robots":{"index":"index","follow":"follow","max-snippet":"max-snippet:-1","max-image-preview":"max-image-preview:large","max-video-preview":"max-video-preview:-1"},"canonical":"https:\/\/www.memorial-odlozil.cz\/?page_id=2577","og_locale":"cs_CZ","og_type":"article","og_title":"Information for managers &mdash; Memori\u00e1l Josefa Odlo\u017eila","og_description":"Atletick\u00fd meeting na po\u010dest Josefa Odlo\u017eila, olympijsk\u00e9ho medailisty a sv\u011btov\u00e9ho rekordmana.","og_url":"https:\/\/www.memorial-odlozil.cz\/?page_id=2577","og_site_name":"Memori\u00e1l Josefa Odlo\u017eila","article_modified_time":"2025-05-16T16:19:15+00:00","og_image":[{"url":"http:\/\/www.memorial-odlozil.cz\/app\/uploads\/josef-odlozil-memorial-2025-information-for-managers-1448x2048.jpg"}],"twitter_card":"summary_large_image","schema":{"@context":"https:\/\/schema.org","@graph":[{"@type":"WebPage","@id":"https:\/\/www.memorial-odlozil.cz\/?page_id=2577","url":"https:\/\/www.memorial-odlozil.cz\/?page_id=2577","name":"Information for managers &mdash; Memori\u00e1l Josefa Odlo\u017eila","isPartOf":{"@id":"https:\/\/www.memorial-odlozil.cz\/#website"},"datePublished":"2025-05-16T16:16:02+00:00","dateModified":"2025-05-16T16:19:15+00:00","description":"Atletick\u00fd meeting na po\u010dest Josefa Odlo\u017eila, olympijsk\u00e9ho medailisty a sv\u011btov\u00e9ho rekordmana.","breadcrumb":{"@id":"https:\/\/www.memorial-odlozil.cz\/?page_id=2577#breadcrumb"},"inLanguage":"cs","potentialAction":[{"@type":"ReadAction","target":["https:\/\/www.memorial-odlozil.cz\/?page_id=2577"]}]},{"@type":"BreadcrumbList","@id":"https:\/\/www.memorial-odlozil.cz\/?page_id=2577#breadcrumb","itemListElement":[{"@type":"ListItem","position":1,"name":"Dom\u016f","item":"https:\/\/www.memorial-odlozil.cz\/"},{"@type":"ListItem","position":2,"name":"Information for managers"}]},{"@type":"WebSite","@id":"https:\/\/www.memorial-odlozil.cz\/#website","url":"https:\/\/www.memorial-odlozil.cz\/","name":"Memori\u00e1l Josefa Odlo\u017eila","description":"Obsah meta description","publisher":{"@id":"https:\/\/www.memorial-odlozil.cz\/#organization"},"potentialAction":[{"@type":"SearchAction","target":{"@type":"EntryPoint","urlTemplate":"https:\/\/www.memorial-odlozil.cz\/?s={search_term_string}"},"query-input":"required name=search_term_string"}],"inLanguage":"cs"},{"@type":"Organization","@id":"https:\/\/www.memorial-odlozil.cz\/#organization","name":"Memori\u00e1l Josefa Odlo\u017eila","url":"https:\/\/www.memorial-odlozil.cz\/","logo":{"@type":"ImageObject","inLanguage":"cs","@id":"https:\/\/www.memorial-odlozil.cz\/#\/schema\/logo\/image\/","url":"https:\/\/www.memorial-odlozil.cz\/app\/uploads\/cropped-02077226-1.jpeg","contentUrl":"https:\/\/www.memorial-odlozil.cz\/app\/uploads\/cropped-02077226-1.jpeg","width":246,"height":178,"caption":"Memori\u00e1l Josefa Odlo\u017eila"},"image":{"@id":"https:\/\/www.memorial-odlozil.cz\/#\/schema\/logo\/image\/"}}]}},"_links":{"self":[{"href":"https:\/\/www.memorial-odlozil.cz\/index.php?rest_route=\/wp\/v2\/pages\/2577","targetHints":{"allow":["GET"]}}],"collection":[{"href":"https:\/\/www.memorial-odlozil.cz\/index.php?rest_route=\/wp\/v2\/pages"}],"about":[{"href":"https:\/\/www.memorial-odlozil.cz\/index.php?rest_route=\/wp\/v2\/types\/page"}],"author":[{"embeddable":true,"href":"https:\/\/www.memorial-odlozil.cz\/index.php?rest_route=\/wp\/v2\/users\/5"}],"replies":[{"embeddable":true,"href":"https:\/\/www.memorial-odlozil.cz\/index.php?rest_route=%2Fwp%2Fv2%2Fcomments&post=2577"}],"version-history":[{"count":13,"href":"https:\/\/www.memorial-odlozil.cz\/index.php?rest_route=\/wp\/v2\/pages\/2577\/revisions"}],"predecessor-version":[{"id":2604,"href":"https:\/\/www.memorial-odlozil.cz\/index.php?rest_route=\/wp\/v2\/pages\/2577\/revisions\/2604"}],"wp:attachment":[{"href":"https:\/\/www.memorial-odlozil.cz\/index.php?rest_route=%2Fwp%2Fv2%2Fmedia&parent=2577"}],"curies":[{"name":"wp","href":"https:\/\/api.w.org\/{rel}","templated":true}]}}